{"id":88,"date":"2026-04-20T08:06:55","date_gmt":"2026-04-20T06:06:55","guid":{"rendered":"https:\/\/przyczepy.dkonto.pl\/?page_id=88"},"modified":"2026-04-20T08:15:44","modified_gmt":"2026-04-20T06:15:44","slug":"bagazniki-rowerowe","status":"publish","type":"page","link":"https:\/\/przyczepy.dkonto.pl\/index.php\/bagazniki-rowerowe\/","title":{"rendered":"Baga\u017cniki rowerowe"},"content":{"rendered":"\t\t<div data-elementor-type=\"wp-page\" data-elementor-id=\"88\" class=\"elementor elementor-88\">\n\t\t\t\t<div class=\"elementor-element elementor-element-67c3f208 e-flex e-con-boxed e-con e-parent\" data-id=\"67c3f208\" data-element_type=\"container\" data-e-type=\"container\">\n\t\t\t\t\t<div class=\"e-con-inner\">\n\t\t<div class=\"elementor-element elementor-element-184efcb9 e-con-full e-flex e-con e-child\" data-id=\"184efcb9\" data-element_type=\"container\" data-e-type=\"container\" data-settings=\"{&quot;background_background&quot;:&quot;classic&quot;}\">\n\t\t<div class=\"elementor-element elementor-element-552b90ba e-con-full e-flex e-con e-child\" data-id=\"552b90ba\" data-element_type=\"container\" data-e-type=\"container\">\n\t\t\t\t<div class=\"elementor-element elementor-element-3f555fe4 elementor-widget elementor-widget-heading\" data-id=\"3f555fe4\" data-element_type=\"widget\" data-e-type=\"widget\" data-widget_type=\"heading.default\">\n\t\t\t\t\t<h2 class=\"elementor-heading-title elementor-size-default\">Baga\u017cniki<\/h2>\t\t\t\t<\/div>\n\t\t\t\t<div class=\"elementor-element elementor-element-7c36bd68 elementor-widget__width-initial elementor-widget elementor-widget-heading\" data-id=\"7c36bd68\" data-element_type=\"widget\" data-e-type=\"widget\" data-widget_type=\"heading.default\">\n\t\t\t\t\t<h2 class=\"elementor-heading-title elementor-size-default\">Oferujemy pod\u00a0wynajem 14 r\u00f3\u017cnych przyczep samochodowych\u00a0o r\u00f3\u017cnych \u0142adowno\u015bciach oraz wymiarach.<\/h2>\t\t\t\t<\/div>\n\t\t\t\t<div class=\"elementor-element elementor-element-77cf0d0d elementor-widget elementor-widget-button\" data-id=\"77cf0d0d\" data-element_type=\"widget\" data-e-type=\"widget\" data-widget_type=\"button.default\">\n\t\t\t\t\t\t\t\t\t\t<a class=\"elementor-button elementor-button-link elementor-size-sm\" href=\"#\">\n\t\t\t\t\t\t<span class=\"elementor-button-content-wrapper\">\n\t\t\t\t\t\t\t\t\t<span class=\"elementor-button-text\">Zapytaj o wynajem<\/span>\n\t\t\t\t\t<\/span>\n\t\t\t\t\t<\/a>\n\t\t\t\t\t\t\t\t<\/div>\n\t\t\t\t<\/div>\n\t\t<div class=\"elementor-element elementor-element-5a8d3f5c e-con-full e-flex e-con e-child\" data-id=\"5a8d3f5c\" data-element_type=\"container\" data-e-type=\"container\">\n\t\t\t\t<\/div>\n\t\t\t\t<\/div>\n\t\t<div class=\"elementor-element elementor-element-6c04e82 e-con-full e-flex e-con e-child\" data-id=\"6c04e82\" data-element_type=\"container\" data-e-type=\"container\">\n\t\t\t\t<div class=\"elementor-element elementor-element-5bbcba90 elementor-widget elementor-widget-ekit-nav-menu\" data-id=\"5bbcba90\" data-element_type=\"widget\" data-e-type=\"widget\" data-widget_type=\"ekit-nav-menu.default\">\n\t\t\t\t<div class=\"elementor-widget-container\">\n\t\t\t\t\t\t\t<nav class=\"ekit-wid-con ekit_menu_responsive_tablet\"\n\t\t\tdata-hamburger-icon=\"\"\n\t\t\tdata-hamburger-icon-type=\"icon\"\n\t\t\tdata-responsive-breakpoint=\"1024\">\n\t\t\t            <button class=\"elementskit-menu-hamburger elementskit-menu-toggler\"  type=\"button\" aria-label=\"hamburger-icon\">\n                                    <span class=\"elementskit-menu-hamburger-icon\"><\/span><span class=\"elementskit-menu-hamburger-icon\"><\/span><span class=\"elementskit-menu-hamburger-icon\"><\/span>\n                            <\/button>\n            <div id=\"ekit-megamenu-oferta\" class=\"elementskit-menu-container elementskit-menu-offcanvas-elements elementskit-navbar-nav-default ekit-nav-menu-one-page-no ekit-nav-dropdown-hover\"><ul id=\"menu-oferta\" class=\"elementskit-navbar-nav elementskit-menu-po-justified submenu-click-on-icon\"><li id=\"menu-item-93\" class=\"menu-item menu-item-type-post_type menu-item-object-page menu-item-93 nav-item elementskit-mobile-builder-content\" data-vertical-menu=750px><a href=\"https:\/\/przyczepy.dkonto.pl\/index.php\/przyczepy-samochodowe\/\" class=\"ekit-menu-nav-link\">Przyczepy samochodowe<\/a><\/li>\n<li id=\"menu-item-94\" class=\"menu-item menu-item-type-post_type menu-item-object-page menu-item-94 nav-item elementskit-mobile-builder-content\" data-vertical-menu=750px><a href=\"https:\/\/przyczepy.dkonto.pl\/index.php\/samochody-dostawcze\/\" class=\"ekit-menu-nav-link\">Samochody dostawcze<\/a><\/li>\n<li id=\"menu-item-92\" class=\"menu-item menu-item-type-post_type menu-item-object-page menu-item-92 nav-item elementskit-mobile-builder-content\" data-vertical-menu=750px><a href=\"https:\/\/przyczepy.dkonto.pl\/index.php\/boksy-samochodowe\/\" class=\"ekit-menu-nav-link\">Boksy samochodowe<\/a><\/li>\n<li id=\"menu-item-91\" class=\"menu-item menu-item-type-post_type menu-item-object-page menu-item-91 nav-item elementskit-mobile-builder-content\" data-vertical-menu=750px><a href=\"https:\/\/przyczepy.dkonto.pl\/index.php\/bagazniki-rowerowe\/\" class=\"ekit-menu-nav-link\">Baga\u017cniki rowerowe<\/a><\/li>\n<\/ul><div class=\"elementskit-nav-identity-panel\"><button class=\"elementskit-menu-close elementskit-menu-toggler\" type=\"button\">X<\/button><\/div><\/div>\n\t\t\t<div class=\"elementskit-menu-overlay elementskit-menu-offcanvas-elements elementskit-menu-toggler ekit-nav-menu--overlay\"><\/div>        <\/nav>\n\t\t\t\t\t\t<\/div>\n\t\t\t\t<\/div>\n\t\t\t\t<\/div>\n\t\t\t\t\t<\/div>\n\t\t\t\t<\/div>\n\t\t\t\t<\/div>\n\t\t","protected":false},"excerpt":{"rendered":"<p>Baga\u017cniki Oferujemy pod\u00a0wynajem 14 r\u00f3\u017cnych przyczep samochodowych\u00a0o r\u00f3\u017cnych \u0142adowno\u015bciach oraz wymiarach. Zapytaj o wynajem Przyczepy samochodowe Samochody dostawcze Boksy samochodowe Baga\u017cniki rowerowe X<\/p>\n","protected":false},"author":1,"featured_media":0,"parent":0,"menu_order":0,"comment_status":"closed","ping_status":"closed","template":"","meta":{"footnotes":""},"class_list":["post-88","page","type-page","status-publish","hentry"],"_links":{"self":[{"href":"https:\/\/przyczepy.dkonto.pl\/index.php\/wp-json\/wp\/v2\/pages\/88","targetHints":{"allow":["GET"]}}],"collection":[{"href":"https:\/\/przyczepy.dkonto.pl\/index.php\/wp-json\/wp\/v2\/pages"}],"about":[{"href":"https:\/\/przyczepy.dkonto.pl\/index.php\/wp-json\/wp\/v2\/types\/page"}],"author":[{"embeddable":true,"href":"https:\/\/przyczepy.dkonto.pl\/index.php\/wp-json\/wp\/v2\/users\/1"}],"replies":[{"embeddable":true,"href":"https:\/\/przyczepy.dkonto.pl\/index.php\/wp-json\/wp\/v2\/comments?post=88"}],"version-history":[{"count":4,"href":"https:\/\/przyczepy.dkonto.pl\/index.php\/wp-json\/wp\/v2\/pages\/88\/revisions"}],"predecessor-version":[{"id":113,"href":"https:\/\/przyczepy.dkonto.pl\/index.php\/wp-json\/wp\/v2\/pages\/88\/revisions\/113"}],"wp:attachment":[{"href":"https:\/\/przyczepy.dkonto.pl\/index.php\/wp-json\/wp\/v2\/media?parent=88"}],"curies":[{"name":"wp","href":"https:\/\/api.w.org\/{rel}","templated":true}]}}